{"id":16027,"date":"2026-04-06T05:55:28","date_gmt":"2026-04-06T04:55:28","guid":{"rendered":"https:\/\/grillcentrum.shop\/gree\/produkt\/trampolina-ogrodowa-dla-dzieci-252cm-8ft-neosport-model-2025\/"},"modified":"2026-04-11T02:22:34","modified_gmt":"2026-04-11T01:22:34","slug":"trampolina-ogrodowa-dla-dzieci-252cm-8ft-neosport-model-2025","status":"publish","type":"product","link":"https:\/\/florvoro.shop\/grill\/produkt\/trampolina-ogrodowa-dla-dzieci-252cm-8ft-neosport-model-2025\/","title":{"rendered":"TRAMPOLINA OGRODOWA dla dzieci 252cm 8ft NEOSPORT model 2025"},"content":{"rendered":"<div style=\"font-family: Arial, sans-serif; line-height: 1.6; color: #333; padding: 20px; clear: both; display: block; width: 100%; float: none; position: static; overflow: hidden;\">\n<div style=\"clear: both; display: block; margin: 10px 0;\">\n<div style=\"clear: both; display: block; margin: 10px 0;\">\n<div style=\"clear: both; display: block; margin: 10px 0;\">\n<div  style=\"max-width:2500px;max-height:675px\">\n<div style=\"clear: both; display: block; margin: 10px 0;\">\n<div style=\"clear: both; width: 100%; display: block; margin: 20px 0; padding: 0; float: none; position: static; text-align: center;\"><img decoding=\"async\"  src=\"https:\/\/a.allegroimg.com\/original\/11505a\/21e7a7bc43529874a49a38ca92f5\/TRAMPOLINA-OGRODOWA-dla-dzieci-252cm-8ft-NEOSPORT-model-2025-Maks-obciazenie-100-kg\" srcset=\"https:\/\/a.allegroimg.com\/original\/11505a\/21e7a7bc43529874a49a38ca92f5\/TRAMPOLINA-OGRODOWA-dla-dzieci-252cm-8ft-NEOSPORT-model-2025-Maks-obciazenie-100-kg 360w,https:\/\/a.allegroimg.com\/original\/11505a\/21e7a7bc43529874a49a38ca92f5\/TRAMPOLINA-OGRODOWA-dla-dzieci-252cm-8ft-NEOSPORT-model-2025-Maks-obciazenie-100-kg 720w,https:\/\/a.allegroimg.com\/original\/11505a\/21e7a7bc43529874a49a38ca92f5\/TRAMPOLINA-OGRODOWA-dla-dzieci-252cm-8ft-NEOSPORT-model-2025-Maks-obciazenie-100-kg 1024w,https:\/\/a.allegroimg.com\/original\/11505a\/21e7a7bc43529874a49a38ca92f5\/TRAMPOLINA-OGRODOWA-dla-dzieci-252cm-8ft-NEOSPORT-model-2025-Maks-obciazenie-100-kg 1440w,https:\/\/a.allegroimg.com\/original\/11505a\/21e7a7bc43529874a49a38ca92f5\/TRAMPOLINA-OGRODOWA-dla-dzieci-252cm-8ft-NEOSPORT-model-2025-Maks-obciazenie-100-kg 2500w\" sizes=\"100vw\" width=\"2500px\" alt=\"TRAMPOLINA OGRODOWA dla dzieci 252cm 8ft NEOSPORT model 2025 Maks. obci\u0105\u017cenie 100 kg\" style=\"max-width: 100%; height: auto; display: block; margin: 0 auto;\"><\/div>\n<\/div>\n<\/div>\n<\/div>\n<\/div>\n<\/div>\n<div style=\"clear: both; display: block; margin: 10px 0;\">\n<div style=\"clear: both; display: block; margin: 10px 0;\">\n<div style=\"clear: both; display: block; margin: 10px 0;\">\n<h1>\u2b50\u2b50\u2b50\u2b50\u2b50 Wytrzyma\u0142a trampolina ogrodowa 252 cm (8 ft)<\/h1>\n<h2>W sk\u0142ad zestawu wchodzi:<\/h2>\n<ul style=\"margin: 15px 0; padding-left: 20px; clear: both; display: block; width: 100%; float: none; position: static;\">\n<li style=\"margin: 5px 0; padding: 2px 0; clear: both; display: list-item; float: none; position: static;\">trampolina 252 cm (8 ft) na&nbsp;<b>3 podw\u00f3jnych nogach<\/b><\/li>\n<li style=\"margin: 5px 0; padding: 2px 0; clear: both; display: list-item; float: none; position: static;\">solidna metalowa drabinka w zestawie<\/li>\n<li style=\"margin: 5px 0; padding: 2px 0; clear: both; display: list-item; float: none; position: static;\">siatka zewn\u0119trzna (zabezpieczaj\u0105ca) zamykana na zamek b\u0142yskawiczny<\/li>\n<li style=\"margin: 5px 0; padding: 2px 0; clear: both; display: list-item; float: none; position: static;\">6 s\u0142upk\u00f3w zabezpieczonych piank\u0105<\/li>\n<\/ul>\n<h3 style=\"color: #2c5aa0; font-size: 18px; margin: 30px 0 15px 0; font-weight: bold; clear: both; display: block; width: 100%; float: none; position: static;\">\u2705 Odporna na warunki atmosferyczne.<\/h3>\n<h3 style=\"color: #2c5aa0; font-size: 18px; margin: 30px 0 15px 0; font-weight: bold; clear: both; display: block; width: 100%; float: none; position: static;\">\u2705 Materia\u0142y odporne na UV<\/h3>\n<h3 style=\"color: #2c5aa0; font-size: 18px; margin: 30px 0 15px 0; font-weight: bold; clear: both; display: block; width: 100%; float: none; position: static;\">\u2705 Stela\u017c ze stali ocynkowanej<\/h3>\n<\/div>\n<\/div>\n<\/div>\n<div style=\"clear: both; display: block; margin: 10px 0;\">\n<div style=\"clear: both; display: block; margin: 10px 0;\">\n<div style=\"clear: both; display: block; margin: 10px 0;\">\n<div  style=\"max-width:2500px;max-height:1750px\">\n<div style=\"clear: both; display: block; margin: 10px 0;\">\n<div style=\"clear: both; width: 100%; display: block; margin: 20px 0; padding: 0; float: none; position: static; text-align: center;\"><img decoding=\"async\"  src=\"https:\/\/a.allegroimg.com\/original\/110885\/7552174040b0961958dd9227dd17\/TRAMPOLINA-OGRODOWA-dla-dzieci-252cm-8ft-NEOSPORT-model-2025-Kod-producenta-NS-08Z231\" srcset=\"https:\/\/a.allegroimg.com\/original\/110885\/7552174040b0961958dd9227dd17\/TRAMPOLINA-OGRODOWA-dla-dzieci-252cm-8ft-NEOSPORT-model-2025-Kod-producenta-NS-08Z231 360w,https:\/\/a.allegroimg.com\/original\/110885\/7552174040b0961958dd9227dd17\/TRAMPOLINA-OGRODOWA-dla-dzieci-252cm-8ft-NEOSPORT-model-2025-Kod-producenta-NS-08Z231 720w,https:\/\/a.allegroimg.com\/original\/110885\/7552174040b0961958dd9227dd17\/TRAMPOLINA-OGRODOWA-dla-dzieci-252cm-8ft-NEOSPORT-model-2025-Kod-producenta-NS-08Z231 1024w,https:\/\/a.allegroimg.com\/original\/110885\/7552174040b0961958dd9227dd17\/TRAMPOLINA-OGRODOWA-dla-dzieci-252cm-8ft-NEOSPORT-model-2025-Kod-producenta-NS-08Z231 1440w,https:\/\/a.allegroimg.com\/original\/110885\/7552174040b0961958dd9227dd17\/TRAMPOLINA-OGRODOWA-dla-dzieci-252cm-8ft-NEOSPORT-model-2025-Kod-producenta-NS-08Z231 2500w\" sizes=\"100vw\" width=\"2500px\" alt=\"TRAMPOLINA OGRODOWA dla dzieci 252cm 8ft NEOSPORT model 2025 Kod producenta NS-08Z231\" style=\"max-width: 100%; height: auto; display: block; margin: 0 auto;\"><\/div>\n<\/div>\n<\/div>\n<\/div>\n<\/div>\n<\/div>\n<div style=\"clear: both; display: block; margin: 10px 0;\">\n<div style=\"clear: both; display: block; margin: 10px 0;\">\n<div style=\"clear: both; display: block; margin: 10px 0;\">\n<h2>\u2b50 Jako\u015b\u0107 premium. Idealny wyb\u00f3r dla os\u00f3b, kt\u00f3re szukaj\u0105 trampoliny z naprawd\u0119 mocnym fundamentem!<\/h2>\n<p style=\"margin: 15px 0; line-height: 1.8; clear: both; display: block; width: 100%; float: none; position: static;\">Stela\u017c trampoliny NEO SPORT zosta\u0142 wykonany z wysokiej jako\u015bci stalowych rurek ocynkowanych, odpornych na korozj\u0119, promieniowanie UV i intensywne u\u017cytkowanie.<\/p>\n<p style=\"margin: 15px 0; line-height: 1.8; clear: both; display: block; width: 100%; float: none; position: static;\">Dla zwi\u0119kszenia bezpiecze\u0144stwa zastosowano grub\u0105, amortyzuj\u0105c\u0105 owijk\u0119 piankow\u0105, kt\u00f3ra chroni przed uderzeniami i dodaje komfortu podczas zabawy.<\/p>\n<p style=\"margin: 15px 0; line-height: 1.8; clear: both; display: block; width: 100%; float: none; position: static;\">\u2705 <b>\u015arednica 252 cm<\/b> \u2013 stabilna konstrukcja nawet przy wi\u0119kszym obci\u0105\u017ceniu<\/p>\n<p style=\"margin: 15px 0; line-height: 1.8; clear: both; display: block; width: 100%; float: none; position: static;\">\u2705 <b>Wysoko\u015b\u0107 55 cm<\/b> \u2013 optymalne uniesienie trampoliny dla komfortu i bezpiecze\u0144stwa<\/p>\n<p style=\"margin: 15px 0; line-height: 1.8; clear: both; display: block; width: 100%; float: none; position: static;\">\u2705 <b>Precyzyjne \u0142\u0105czenia i wzmocnienia<\/b> \u2013 trwa\u0142o\u015b\u0107, kt\u00f3rej mo\u017cesz zaufa\u0107 przez wiele sezon\u00f3w<\/p>\n<h3 style=\"color: #2c5aa0; font-size: 18px; margin: 30px 0 15px 0; font-weight: bold; clear: both; display: block; width: 100%; float: none; position: static;\">Stela\u017c, kt\u00f3ry nie zawiedzie \u2013 bez wzgl\u0119du na pogod\u0119 i intensywno\u015b\u0107 zabawy.<\/h3>\n<\/div>\n<\/div>\n<\/div>\n<div style=\"clear: both; display: block; margin: 10px 0;\">\n<div style=\"clear: both; display: block; margin: 10px 0;\">\n<div style=\"clear: both; display: block; margin: 10px 0;\">\n<div  style=\"max-width:2500px;max-height:2500px\">\n<div style=\"clear: both; display: block; margin: 10px 0;\">\n<div style=\"clear: both; width: 100%; display: block; margin: 20px 0; padding: 0; float: none; position: static; text-align: center;\"><img decoding=\"async\"  src=\"https:\/\/a.allegroimg.com\/original\/1152ec\/b3bd0b034bbe87ad13b33579db9d\/TRAMPOLINA-OGRODOWA-dla-dzieci-252cm-8ft-NEOSPORT-model-2025-Marka-Neo-sport\" srcset=\"https:\/\/a.allegroimg.com\/original\/1152ec\/b3bd0b034bbe87ad13b33579db9d\/TRAMPOLINA-OGRODOWA-dla-dzieci-252cm-8ft-NEOSPORT-model-2025-Marka-Neo-sport 360w,https:\/\/a.allegroimg.com\/original\/1152ec\/b3bd0b034bbe87ad13b33579db9d\/TRAMPOLINA-OGRODOWA-dla-dzieci-252cm-8ft-NEOSPORT-model-2025-Marka-Neo-sport 720w,https:\/\/a.allegroimg.com\/original\/1152ec\/b3bd0b034bbe87ad13b33579db9d\/TRAMPOLINA-OGRODOWA-dla-dzieci-252cm-8ft-NEOSPORT-model-2025-Marka-Neo-sport 1024w,https:\/\/a.allegroimg.com\/original\/1152ec\/b3bd0b034bbe87ad13b33579db9d\/TRAMPOLINA-OGRODOWA-dla-dzieci-252cm-8ft-NEOSPORT-model-2025-Marka-Neo-sport 1440w,https:\/\/a.allegroimg.com\/original\/1152ec\/b3bd0b034bbe87ad13b33579db9d\/TRAMPOLINA-OGRODOWA-dla-dzieci-252cm-8ft-NEOSPORT-model-2025-Marka-Neo-sport 2500w\" sizes=\"100vw\" width=\"2500px\" alt=\"TRAMPOLINA OGRODOWA dla dzieci 252cm 8ft NEOSPORT model 2025 Marka Neo-sport\" style=\"max-width: 100%; height: auto; display: block; margin: 0 auto;\"><\/div>\n<\/div>\n<\/div>\n<\/div>\n<\/div>\n<\/div>\n<div style=\"clear: both; display: block; margin: 10px 0;\">\n<div style=\"clear: both; display: block; margin: 10px 0;\">\n<div style=\"clear: both; display: block; margin: 10px 0;\">\n<h2>\u2b50\u2b50\u2b50\u2b50\u2b50 Moc, trwa\u0142o\u015b\u0107, komfort!<\/h2>\n<ul style=\"margin: 15px 0; padding-left: 20px; clear: both; display: block; width: 100%; float: none; position: static;\">\n<li style=\"margin: 5px 0; padding: 2px 0; clear: both; display: list-item; float: none; position: static;\"><b>Gruby batut <\/b>\u2013 Maksymalna ochrona i bezpiecze\u0144stwo.<\/li>\n<li style=\"margin: 5px 0; padding: 2px 0; clear: both; display: list-item; float: none; position: static;\"><b>Szybkoschn\u0105ca powierzchnia<\/b> \u2013 Wykonana z nowoczesnych materia\u0142\u00f3w powierzchnia nie zatrzymuje wilgoci, dzi\u0119ki czemu trampolina jest gotowa do u\u017cytku w kr\u00f3tkim czasie po deszczu.<\/li>\n<li style=\"margin: 5px 0; padding: 2px 0; clear: both; display: list-item; float: none; position: static;\"><b>Mocne spr\u0119\u017cyny<\/b> \u2013 Dynamiczne odbicie i d\u0142ugowieczno\u015b\u0107.<\/li>\n<li style=\"margin: 5px 0; padding: 2px 0; clear: both; display: list-item; float: none; position: static;\"><b>Mata zabezpieczaj\u0105ca<\/b> wykonana z wytrzyma\u0142ych i odpornych materia\u0142\u00f3w:<\/li>\n<\/ul>\n<ol>\n<li style=\"margin: 5px 0; padding: 2px 0; clear: both; display: list-item; float: none; position: static;\">310 g\/m2 <b>PVC<\/b><\/li>\n<li style=\"margin: 5px 0; padding: 2px 0; clear: both; display: list-item; float: none; position: static;\">10 mm pianki <b>EPE<\/b><\/li>\n<li style=\"margin: 5px 0; padding: 2px 0; clear: both; display: list-item; float: none; position: static;\">130 g\/m2 <b>PE<\/b><\/li>\n<\/ol>\n<\/div>\n<\/div>\n<\/div>\n<div style=\"clear: both; display: block; margin: 10px 0;\">\n<div style=\"clear: both; display: block; margin: 10px 0;\">\n<div style=\"clear: both; display: block; margin: 10px 0;\">\n<div  style=\"max-width:2500px;max-height:1631px\">\n<div style=\"clear: both; display: block; margin: 10px 0;\">\n<div style=\"clear: both; width: 100%; display: block; margin: 20px 0; padding: 0; float: none; position: static; text-align: center;\"><img decoding=\"async\"  src=\"https:\/\/a.allegroimg.com\/original\/116242\/edb6ac284855b02a524575bc5b01\/TRAMPOLINA-OGRODOWA-dla-dzieci-252cm-8ft-NEOSPORT-model-2025-Wysokosc-calkowita-235-cm\" srcset=\"https:\/\/a.allegroimg.com\/original\/116242\/edb6ac284855b02a524575bc5b01\/TRAMPOLINA-OGRODOWA-dla-dzieci-252cm-8ft-NEOSPORT-model-2025-Wysokosc-calkowita-235-cm 360w,https:\/\/a.allegroimg.com\/original\/116242\/edb6ac284855b02a524575bc5b01\/TRAMPOLINA-OGRODOWA-dla-dzieci-252cm-8ft-NEOSPORT-model-2025-Wysokosc-calkowita-235-cm 720w,https:\/\/a.allegroimg.com\/original\/116242\/edb6ac284855b02a524575bc5b01\/TRAMPOLINA-OGRODOWA-dla-dzieci-252cm-8ft-NEOSPORT-model-2025-Wysokosc-calkowita-235-cm 1024w,https:\/\/a.allegroimg.com\/original\/116242\/edb6ac284855b02a524575bc5b01\/TRAMPOLINA-OGRODOWA-dla-dzieci-252cm-8ft-NEOSPORT-model-2025-Wysokosc-calkowita-235-cm 1440w,https:\/\/a.allegroimg.com\/original\/116242\/edb6ac284855b02a524575bc5b01\/TRAMPOLINA-OGRODOWA-dla-dzieci-252cm-8ft-NEOSPORT-model-2025-Wysokosc-calkowita-235-cm 2500w\" sizes=\"100vw\" width=\"2500px\" alt=\"TRAMPOLINA OGRODOWA dla dzieci 252cm 8ft NEOSPORT model 2025 Wysoko\u015b\u0107 ca\u0142kowita 235 cm\" style=\"max-width: 100%; height: auto; display: block; margin: 0 auto;\"><\/div>\n<\/div>\n<\/div>\n<\/div>\n<\/div>\n<\/div>\n<div style=\"clear: both; display: block; margin: 10px 0;\">\n<div style=\"clear: both; display: block; margin: 10px 0;\">\n<div style=\"clear: both; display: block; margin: 10px 0;\">\n<h2>Mocniejsza i trwalsza siatka nowej generacji<\/h2>\n<p style=\"margin: 15px 0; line-height: 1.8; clear: both; display: block; width: 100%; float: none; position: static;\"><b><\/p>\n","protected":false},"excerpt":{"rendered":"<p>\u2b50\u2b50\u2b50\u2b50\u2b50 Wytrzyma\u0142a trampolina ogrodowa 252 cm (8 ft)<\/p>\n<p>W sk\u0142ad zestawu wchodzi:<\/p>\n<p>trampolina 252 cm (8 ft) na&nbsp;3 podw\u00f3jnych nogach<\/p>\n<p>solidna metalowa drabinka w zestawie<\/p>\n<p>siatka zewn\u0119trzna (zabezpieczaj\u0105ca) zamykana na zamek b\u0142yskawiczny<\/p>\n<p>6 s\u0142upk\u00f3w zabezpieczonych piank\u0105<\/p>\n<p>\u2705 Odporna na warunki atmosferyczne.<\/p>\n<p>\u2705 Materia\u0142y odporne na UV<\/p>\n","protected":false},"featured_media":16028,"template":"","meta":{"_uag_custom_page_level_css":""},"product_brand":[915],"product_cat":[541,864,863,862],"product_tag":[],"class_list":{"0":"post-16027","1":"product","2":"type-product","3":"status-publish","4":"has-post-thumbnail","6":"product_brand-neo-sport","7":"product_cat-ogrod","8":"product_cat-trampoliny","9":"product_cat-trampoliny-i-akcesoria","10":"product_cat-zabawki-ogrodowe","12":"first","13":"instock","14":"sale","15":"shipping-taxable","16":"purchasable","17":"product-type-simple"},"uagb_featured_image_src":{"full":["https:\/\/florvoro.shop\/grill\/wp-content\/uploads\/2026\/04\/allegro-image-16027.jpg",2500,2500,false],"thumbnail":["https:\/\/florvoro.shop\/grill\/wp-content\/uploads\/2026\/04\/allegro-image-16027-150x150.jpg",150,150,true],"medium":["https:\/\/florvoro.shop\/grill\/wp-content\/uploads\/2026\/04\/allegro-image-16027-300x300.jpg",300,300,true],"medium_large":["https:\/\/florvoro.shop\/grill\/wp-content\/uploads\/2026\/04\/allegro-image-16027-768x768.jpg",768,768,true],"large":["https:\/\/florvoro.shop\/grill\/wp-content\/uploads\/2026\/04\/allegro-image-16027-1024x1024.jpg",1024,1024,true],"1536x1536":["https:\/\/florvoro.shop\/grill\/wp-content\/uploads\/2026\/04\/allegro-image-16027-1536x1536.jpg",1536,1536,true],"2048x2048":["https:\/\/florvoro.shop\/grill\/wp-content\/uploads\/2026\/04\/allegro-image-16027-2048x2048.jpg",2048,2048,true],"woocommerce_thumbnail":["https:\/\/florvoro.shop\/grill\/wp-content\/uploads\/2026\/04\/allegro-image-16027-300x300.jpg",300,300,true],"woocommerce_single":["https:\/\/florvoro.shop\/grill\/wp-content\/uploads\/2026\/04\/allegro-image-16027-600x600.jpg",600,600,true],"woocommerce_gallery_thumbnail":["https:\/\/florvoro.shop\/grill\/wp-content\/uploads\/2026\/04\/allegro-image-16027-100x100.jpg",100,100,true]},"uagb_author_info":{"display_name":"admin","author_link":"https:\/\/florvoro.shop\/grill\/author\/"},"uagb_comment_info":0,"uagb_excerpt":"\u2b50\u2b50\u2b50\u2b50\u2b50 Wytrzyma\u0142a trampolina ogrodowa 252 cm (8 ft) W sk\u0142ad zestawu wchodzi: trampolina 252 cm (8 ft) na&nbsp;3 podw\u00f3jnych nogach solidna metalowa drabinka w zestawie siatka zewn\u0119trzna (zabezpieczaj\u0105ca) zamykana na zamek b\u0142yskawiczny 6 s\u0142upk\u00f3w zabezpieczonych piank\u0105 \u2705 Odporna na warunki atmosferyczne. \u2705 Materia\u0142y odporne na UV","_links":{"self":[{"href":"https:\/\/florvoro.shop\/grill\/wp-json\/wp\/v2\/product\/16027","targetHints":{"allow":["GET"]}}],"collection":[{"href":"https:\/\/florvoro.shop\/grill\/wp-json\/wp\/v2\/product"}],"about":[{"href":"https:\/\/florvoro.shop\/grill\/wp-json\/wp\/v2\/types\/product"}],"wp:featuredmedia":[{"embeddable":true,"href":"https:\/\/florvoro.shop\/grill\/wp-json\/wp\/v2\/media\/16028"}],"wp:attachment":[{"href":"https:\/\/florvoro.shop\/grill\/wp-json\/wp\/v2\/media?parent=16027"}],"wp:term":[{"taxonomy":"product_brand","embeddable":true,"href":"https:\/\/florvoro.shop\/grill\/wp-json\/wp\/v2\/product_brand?post=16027"},{"taxonomy":"product_cat","embeddable":true,"href":"https:\/\/florvoro.shop\/grill\/wp-json\/wp\/v2\/product_cat?post=16027"},{"taxonomy":"product_tag","embeddable":true,"href":"https:\/\/florvoro.shop\/grill\/wp-json\/wp\/v2\/product_tag?post=16027"}],"curies":[{"name":"wp","href":"https:\/\/api.w.org\/{rel}","templated":true}]}}