{"id":16025,"date":"2026-04-06T05:55:26","date_gmt":"2026-04-06T04:55:26","guid":{"rendered":"https:\/\/grillcentrum.shop\/gree\/produkt\/trampolina-ogrodowa-dla-dzieci-drabinka-374cm-12ft\/"},"modified":"2026-04-11T02:22:34","modified_gmt":"2026-04-11T01:22:34","slug":"trampolina-ogrodowa-dla-dzieci-drabinka-374cm-12ft","status":"publish","type":"product","link":"https:\/\/florvoro.shop\/grill\/produkt\/trampolina-ogrodowa-dla-dzieci-drabinka-374cm-12ft\/","title":{"rendered":"TRAMPOLINA OGRODOWA DLA DZIECI DRABINKA 374cm 12ft"},"content":{"rendered":"<div style=\"font-family: Arial, sans-serif; line-height: 1.6; color: #333; padding: 20px; clear: both; display: block; width: 100%; float: none; position: static; overflow: hidden;\">\n<div style=\"clear: both; display: block; margin: 10px 0;\">\n<div style=\"clear: both; display: block; margin: 10px 0;\">\n<div style=\"clear: both; display: block; margin: 10px 0;\">\n<div  style=\"max-width:2500px;max-height:2500px\">\n<div style=\"clear: both; display: block; margin: 10px 0;\">\n<div style=\"clear: both; width: 100%; display: block; margin: 20px 0; padding: 0; float: none; position: static; text-align: center;\"><img decoding=\"async\"  src=\"https:\/\/a.allegroimg.com\/original\/111b60\/1b2875844b73b584adc1ee7b3337\/TRAMPOLINA-OGRODOWA-DLA-DZIECI-DRABINKA-374cm-12ft\" srcset=\"https:\/\/a.allegroimg.com\/original\/111b60\/1b2875844b73b584adc1ee7b3337\/TRAMPOLINA-OGRODOWA-DLA-DZIECI-DRABINKA-374cm-12ft 360w,https:\/\/a.allegroimg.com\/original\/111b60\/1b2875844b73b584adc1ee7b3337\/TRAMPOLINA-OGRODOWA-DLA-DZIECI-DRABINKA-374cm-12ft 720w,https:\/\/a.allegroimg.com\/original\/111b60\/1b2875844b73b584adc1ee7b3337\/TRAMPOLINA-OGRODOWA-DLA-DZIECI-DRABINKA-374cm-12ft 1024w,https:\/\/a.allegroimg.com\/original\/111b60\/1b2875844b73b584adc1ee7b3337\/TRAMPOLINA-OGRODOWA-DLA-DZIECI-DRABINKA-374cm-12ft 1440w,https:\/\/a.allegroimg.com\/original\/111b60\/1b2875844b73b584adc1ee7b3337\/TRAMPOLINA-OGRODOWA-DLA-DZIECI-DRABINKA-374cm-12ft 2500w\" sizes=\"(min-width: 1200px) 560px, (min-width: 992px) 50vw, 100vw\" width=\"2500px\" alt=\"TRAMPOLINA OGRODOWA DLA DZIECI DRABINKA 374cm 12ft\" style=\"max-width: 100%; height: auto; display: block; margin: 0 auto;\"><\/div>\n<\/div>\n<\/div>\n<\/div>\n<\/div>\n<div style=\"clear: both; display: block; margin: 10px 0;\">\n<div style=\"clear: both; display: block; margin: 10px 0;\">\n<h1>Trampolina ogrodowa 374 cm (12ft)<\/h1>\n<h2>W sk\u0142ad zestawu wchodzi:<\/h2>\n<ul style=\"margin: 15px 0; padding-left: 20px; clear: both; display: block; width: 100%; float: none; position: static;\">\n<li style=\"margin: 5px 0; padding: 2px 0; clear: both; display: list-item; float: none; position: static;\">trampolina 374 cm (12ft) na <b>4 podw\u00f3jnych nogach<\/b>,<\/li>\n<li style=\"margin: 5px 0; padding: 2px 0; clear: both; display: list-item; float: none; position: static;\">metalowa drabinka,<\/li>\n<li style=\"margin: 5px 0; padding: 2px 0; clear: both; display: list-item; float: none; position: static;\">siatka wewn\u0119trzna (zabezpieczaj\u0105ca)<\/li>\n<\/ul>\n<\/div>\n<\/div>\n<\/div>\n<div style=\"clear: both; display: block; margin: 10px 0;\">\n<div style=\"clear: both; display: block; margin: 10px 0;\">\n<div style=\"clear: both; display: block; margin: 10px 0;\">\n<h1>G\u0142\u00f3wne cechy:<\/h1>\n<ol>\n<li style=\"margin: 5px 0; padding: 2px 0; clear: both; display: list-item; float: none; position: static;\"><b>Okr\u0105g ze stela\u017ca,&nbsp;<\/b>kt\u00f3ry zapewnia bardzo dobre napi\u0119cie siatki bezpiecze\u0144stwa<\/li>\n<li style=\"margin: 5px 0; padding: 2px 0; clear: both; display: list-item; float: none; position: static;\"><b>Siatka zabezpieczaj\u0105ca<\/b>&nbsp;wewn\u0119trzna, zapewnia komfort oraz bezpiecze\u0144stwo, zw\u0142aszcza najm\u0142odszym skoczkom<\/li>\n<li style=\"margin: 5px 0; padding: 2px 0; clear: both; display: list-item; float: none; position: static;\"><b>Profilowane s\u0142upki metalowe<\/b>, pokryte mi\u0119kk\u0105 piank\u0105 zabezpieczaj\u0105c\u0105<\/li>\n<li style=\"margin: 5px 0; padding: 2px 0; clear: both; display: list-item; float: none; position: static;\"><b>Wej\u015bcie do trampoliny<\/b>&nbsp;w kszta\u0142cie litery L, zamykane na zamek b\u0142yskawiczny oraz klamr\u0119<\/li>\n<li style=\"margin: 5px 0; padding: 2px 0; clear: both; display: list-item; float: none; position: static;\"><b>Wytrzyma\u0142a mata<\/b> (batut) &#8211; wodoodporna i elastyczna, wytrzymuje bardzo wysokie obci\u0105\u017cenie<\/li>\n<li style=\"margin: 5px 0; padding: 2px 0; clear: both; display: list-item; float: none; position: static;\"><b>Spr\u0119\u017cyny ocynkowane<\/b>, galwanizowane, zabezpieczone <b>ko\u0142nierzem<\/b> wype\u0142nionym piank\u0105<\/li>\n<li style=\"margin: 5px 0; padding: 2px 0; clear: both; display: list-item; float: none; position: static;\"><b>Podw\u00f3jne, stabilne nogi<\/b> w kszta\u0142cie litery U<\/li>\n<li style=\"margin: 5px 0; padding: 2px 0; clear: both; display: list-item; float: none; position: static;\"><b>Solidna, metalowa drabinka &#8211;&nbsp;<\/b>gwarantuj\u0105ca bezpieczne wchodzenia na trampolin\u0119 i opuszczanie jej<\/li>\n<\/ol>\n<\/div>\n<\/div>\n<div style=\"clear: both; display: block; margin: 10px 0;\">\n<div style=\"clear: both; display: block; margin: 10px 0;\">\n<div  style=\"max-width:2500px;max-height:2500px\">\n<div style=\"clear: both; display: block; margin: 10px 0;\">\n<div style=\"clear: both; width: 100%; display: block; margin: 20px 0; padding: 0; float: none; position: static; text-align: center;\"><img decoding=\"async\"  src=\"https:\/\/a.allegroimg.com\/original\/11a4c8\/adfdfb7d429885b60a2633c1403f\/TRAMPOLINA-OGRODOWA-DLA-DZIECI-DRABINKA-374cm-12ft-Wysokosc-calkowita-250-cm\" srcset=\"https:\/\/a.allegroimg.com\/original\/11a4c8\/adfdfb7d429885b60a2633c1403f\/TRAMPOLINA-OGRODOWA-DLA-DZIECI-DRABINKA-374cm-12ft-Wysokosc-calkowita-250-cm 360w,https:\/\/a.allegroimg.com\/original\/11a4c8\/adfdfb7d429885b60a2633c1403f\/TRAMPOLINA-OGRODOWA-DLA-DZIECI-DRABINKA-374cm-12ft-Wysokosc-calkowita-250-cm 720w,https:\/\/a.allegroimg.com\/original\/11a4c8\/adfdfb7d429885b60a2633c1403f\/TRAMPOLINA-OGRODOWA-DLA-DZIECI-DRABINKA-374cm-12ft-Wysokosc-calkowita-250-cm 1024w,https:\/\/a.allegroimg.com\/original\/11a4c8\/adfdfb7d429885b60a2633c1403f\/TRAMPOLINA-OGRODOWA-DLA-DZIECI-DRABINKA-374cm-12ft-Wysokosc-calkowita-250-cm 1440w,https:\/\/a.allegroimg.com\/original\/11a4c8\/adfdfb7d429885b60a2633c1403f\/TRAMPOLINA-OGRODOWA-DLA-DZIECI-DRABINKA-374cm-12ft-Wysokosc-calkowita-250-cm 2500w\" sizes=\"(min-width: 1200px) 560px, (min-width: 992px) 50vw, 100vw\" width=\"2500px\" alt=\"TRAMPOLINA OGRODOWA DLA DZIECI DRABINKA 374cm 12ft Wysoko\u015b\u0107 ca\u0142kowita 250 cm\" style=\"max-width: 100%; height: auto; display: block; margin: 0 auto;\"><\/div>\n<\/div>\n<\/div>\n<\/div>\n<\/div>\n<\/div>\n<div style=\"clear: both; display: block; margin: 10px 0;\">\n<div style=\"clear: both; display: block; margin: 10px 0;\">\n<div style=\"clear: both; display: block; margin: 10px 0;\">\n<div  style=\"max-width:2500px;max-height:2500px\">\n<div style=\"clear: both; display: block; margin: 10px 0;\">\n<div style=\"clear: both; width: 100%; display: block; margin: 20px 0; padding: 0; float: none; position: static; text-align: center;\"><img decoding=\"async\"  src=\"https:\/\/a.allegroimg.com\/original\/1116e4\/ea44f7314ecda50097bd30ef5baf\/TRAMPOLINA-OGRODOWA-DLA-DZIECI-DRABINKA-374cm-12ft-Wiek-dziecka-3-lata\" srcset=\"https:\/\/a.allegroimg.com\/original\/1116e4\/ea44f7314ecda50097bd30ef5baf\/TRAMPOLINA-OGRODOWA-DLA-DZIECI-DRABINKA-374cm-12ft-Wiek-dziecka-3-lata 360w,https:\/\/a.allegroimg.com\/original\/1116e4\/ea44f7314ecda50097bd30ef5baf\/TRAMPOLINA-OGRODOWA-DLA-DZIECI-DRABINKA-374cm-12ft-Wiek-dziecka-3-lata 720w,https:\/\/a.allegroimg.com\/original\/1116e4\/ea44f7314ecda50097bd30ef5baf\/TRAMPOLINA-OGRODOWA-DLA-DZIECI-DRABINKA-374cm-12ft-Wiek-dziecka-3-lata 1024w,https:\/\/a.allegroimg.com\/original\/1116e4\/ea44f7314ecda50097bd30ef5baf\/TRAMPOLINA-OGRODOWA-DLA-DZIECI-DRABINKA-374cm-12ft-Wiek-dziecka-3-lata 1440w,https:\/\/a.allegroimg.com\/original\/1116e4\/ea44f7314ecda50097bd30ef5baf\/TRAMPOLINA-OGRODOWA-DLA-DZIECI-DRABINKA-374cm-12ft-Wiek-dziecka-3-lata 2500w\" sizes=\"(min-width: 1200px) 560px, (min-width: 992px) 50vw, 100vw\" width=\"2500px\" alt=\"TRAMPOLINA OGRODOWA DLA DZIECI DRABINKA 374cm 12ft Wiek dziecka 3 lata +\" style=\"max-width: 100%; height: auto; display: block; margin: 0 auto;\"><\/div>\n<\/div>\n<\/div>\n<\/div>\n<\/div>\n<div style=\"clear: both; display: block; margin: 10px 0;\">\n<div style=\"clear: both; display: block; margin: 10px 0;\">\n<h1>Dane techniczne:<\/h1>\n<ul style=\"margin: 15px 0; padding-left: 20px; clear: both; display: block; width: 100%; float: none; position: static;\">\n<li style=\"margin: 5px 0; padding: 2px 0; clear: both; display: list-item; float: none; position: static;\">siatka <b>wewn\u0119trzna<\/b><\/li>\n<li style=\"margin: 5px 0; padding: 2px 0; clear: both; display: list-item; float: none; position: static;\">wys. trampoliny <b>70&nbsp;cm<\/b><\/li>\n<li style=\"margin: 5px 0; padding: 2px 0; clear: both; display: list-item; float: none; position: static;\">wys. siatki <b>180 cm<\/b><\/li>\n<li style=\"margin: 5px 0; padding: 2px 0; clear: both; display: list-item; float: none; position: static;\">ilo\u015b\u0107 n\u00f3g <b>4 podw\u00f3jne<\/b> (kszta\u0142t U)<\/li>\n<li style=\"margin: 5px 0; padding: 2px 0; clear: both; display: list-item; float: none; position: static;\">ilo\u015b\u0107 s\u0142upk\u00f3w <b>8 szt.<\/b><\/li>\n<li style=\"margin: 5px 0; padding: 2px 0; clear: both; display: list-item; float: none; position: static;\">ilo\u015b\u0107 spr\u0119\u017cyn <b>64 szt.<\/b><\/li>\n<li style=\"margin: 5px 0; padding: 2px 0; clear: both; display: list-item; float: none; position: static;\">kolor: <b>zielony<\/b><\/li>\n<li style=\"margin: 5px 0; padding: 2px 0; clear: both; display: list-item; float: none; position: static;\">wszystkie elementy stela\u017ca&nbsp;<b>galwanizowane<\/b> wewn\u0105trz i na zewn\u0105trz<\/li>\n<li style=\"margin: 5px 0; padding: 2px 0; clear: both; display: list-item; float: none; position: static;\">maksymalne obci\u0105\u017cenie <b>150 kg<\/b><\/li>\n<li style=\"margin: 5px 0; padding: 2px 0; clear: both; display: list-item; float: none; position: static;\"><b>spe\u0142nia wszystkie normy bezpiecze\u0144stwa Unii Europejskiej<\/b><\/li>\n<\/ul>\n<\/div>\n<\/div>\n<\/div>\n<div style=\"clear: both; display: block; margin: 10px 0;\">\n<div style=\"clear: both; display: block; margin: 10px 0;\">\n<div style=\"clear: both; display: block; margin: 10px 0;\">\n<div  style=\"max-width:2500px;max-height:1500px\">\n<div style=\"clear: both; display: block; margin: 10px 0;\">\n<div style=\"clear: both; width: 100%; display: block; margin: 20px 0; padding: 0; float: none; position: static; text-align: center;\"><img decoding=\"async\"  src=\"https:\/\/a.allegroimg.com\/original\/114272\/0dab35954b06a38df6ed39512e2e\/TRAMPOLINA-OGRODOWA-DLA-DZIECI-DRABINKA-374cm-12ft-Rodzaj-z-siatka\" srcset=\"https:\/\/a.allegroimg.com\/original\/114272\/0dab35954b06a38df6ed39512e2e\/TRAMPOLINA-OGRODOWA-DLA-DZIECI-DRABINKA-374cm-12ft-Rodzaj-z-siatka 360w,https:\/\/a.allegroimg.com\/original\/114272\/0dab35954b06a38df6ed39512e2e\/TRAMPOLINA-OGRODOWA-DLA-DZIECI-DRABINKA-374cm-12ft-Rodzaj-z-siatka 720w,https:\/\/a.allegroimg.com\/original\/114272\/0dab35954b06a38df6ed39512e2e\/TRAMPOLINA-OGRODOWA-DLA-DZIECI-DRABINKA-374cm-12ft-Rodzaj-z-siatka 1024w,https:\/\/a.allegroimg.com\/original\/114272\/0dab35954b06a38df6ed39512e2e\/TRAMPOLINA-OGRODOWA-DLA-DZIECI-DRABINKA-374cm-12ft-Rodzaj-z-siatka 1440w,https:\/\/a.allegroimg.com\/original\/114272\/0dab35954b06a38df6ed39512e2e\/TRAMPOLINA-OGRODOWA-DLA-DZIECI-DRABINKA-374cm-12ft-Rodzaj-z-siatka 2500w\" sizes=\"100vw\" width=\"2500px\" alt=\"TRAMPOLINA OGRODOWA DLA DZIECI DRABINKA 374cm 12ft Rodzaj z siatk\u0105\" style=\"max-width: 100%; height: auto; display: block; margin: 0 auto;\"><\/div>\n<\/div>\n<\/div>\n<\/div>\n<\/div>\n<\/div>\n<div style=\"clear: both; display: block; margin: 10px 0;\">\n<div style=\"clear: both; display: block; margin: 10px 0;\">\n<div style=\"clear: both; display: block; margin: 10px 0;\">\n<div  style=\"max-width:2250px;max-height:2500px\">\n<div style=\"clear: both; display: block; margin: 10px 0;\">\n<div style=\"clear: both; width: 100%; display: block; margin: 20px 0; padding: 0; float: none; position: static; text-align: center;\"><img decoding=\"async\"  src=\"https:\/\/a.allegroimg.com\/original\/114572\/d3a72a5041e389b4df0055ae93d9\/TRAMPOLINA-OGRODOWA-DLA-DZIECI-DRABINKA-374cm-12ft-Bohater-Bajka-brak\" srcset=\"https:\/\/a.allegroimg.com\/original\/114572\/d3a72a5041e389b4df0055ae93d9\/TRAMPOLINA-OGRODOWA-DLA-DZIECI-DRABINKA-374cm-12ft-Bohater-Bajka-brak 324w,https:\/\/a.allegroimg.com\/original\/114572\/d3a72a5041e389b4df0055ae93d9\/TRAMPOLINA-OGRODOWA-DLA-DZIECI-DRABINKA-374cm-12ft-Bohater-Bajka-brak 648w,https:\/\/a.allegroimg.com\/original\/114572\/d3a72a5041e389b4df0055ae93d9\/TRAMPOLINA-OGRODOWA-DLA-DZIECI-DRABINKA-374cm-12ft-Bohater-Bajka-brak 921w,https:\/\/a.allegroimg.com\/original\/114572\/d3a72a5041e389b4df0055ae93d9\/TRAMPOLINA-OGRODOWA-DLA-DZIECI-DRABINKA-374cm-12ft-Bohater-Bajka-brak 1296w,https:\/\/a.allegroimg.com\/original\/114572\/d3a72a5041e389b4df0055ae93d9\/TRAMPOLINA-OGRODOWA-DLA-DZIECI-DRABINKA-374cm-12ft-Bohater-Bajka-brak 2250w\" sizes=\"100vw\" width=\"2250px\" alt=\"TRAMPOLINA OGRODOWA DLA DZIECI DRABINKA 374cm 12ft Bohater \/ Bajka brak\" style=\"max-width: 100%; height: auto; display: block; margin: 0 auto;\"><\/div>\n<\/div>\n<\/div>\n<\/div>\n<\/div>\n<\/div>\n<div style=\"clear: both; display: block; margin: 10px 0;\">\n<div style=\"clear: both; display: block; margin: 10px 0;\">\n<div style=\"clear: both; display: block; margin: 10px 0;\">\n<div  style=\"max-width:2250px;max-height:2473px\">\n<div style=\"clear: both; display: block; margin: 10px 0;\">\n<div style=\"clear: both; width: 100%; display: block; margin: 20px 0; padding: 0; float: none; position: static; text-align: center;\"><img decoding=\"async\"  src=\"https:\/\/a.allegroimg.com\/original\/116e5b\/24cda52d46deb95fca90de3fb1fd\/TRAMPOLINA-OGRODOWA-DLA-DZIECI-DRABINKA-374cm-12ft-Maks-obciazenie-150-kg\" srcset=\"https:\/\/a.allegroimg.com\/original\/116e5b\/24cda52d46deb95fca90de3fb1fd\/TRAMPOLINA-OGRODOWA-DLA-DZIECI-DRABINKA-374cm-12ft-Maks-obciazenie-150-kg 327w,https:\/\/a.allegroimg.com\/original\/116e5b\/24cda52d46deb95fca90de3fb1fd\/TRAMPOLINA-OGRODOWA-DLA-DZIECI-DRABINKA-374cm-12ft-Maks-obciazenie-150-kg 655w,https:\/\/a.allegroimg.com\/original\/116e5b\/24cda52d46deb95fca90de3fb1fd\/TRAMPOLINA-OGRODOWA-DLA-DZIECI-DRABINKA-374cm-12ft-Maks-obciazenie-150-kg 931w,https:\/\/a.allegroimg.com\/original\/116e5b\/24cda52d46deb95fca90de3fb1fd\/TRAMPOLINA-OGRODOWA-DLA-DZIECI-DRABINKA-374cm-12ft-Maks-obciazenie-150-kg 1310w,https:\/\/a.allegroimg.com\/original\/116e5b\/24cda52d46deb95fca90de3fb1fd\/TRAMPOLINA-OGRODOWA-DLA-DZIECI-DRABINKA-374cm-12ft-Maks-obciazenie-150-kg 2250w\" sizes=\"100vw\" width=\"2250px\" alt=\"TRAMPOLINA OGRODOWA DLA DZIECI DRABINKA 374cm 12ft Maks. obci\u0105\u017cenie 150 kg\" style=\"max-width: 100%; height: auto; display: block; margin: 0 auto;\"><\/div>\n<\/div>\n<\/div>\n<\/div>\n<\/div>\n<\/div>\n<div style=\"clear: both; display: block; margin: 10px 0;\">\n<div style=\"clear: both; display: block; margin: 10px 0;\">\n<div style=\"clear: both; display: block; margin: 10px 0;\">\n<div  style=\"max-width:2250px;max-height:1277px\">\n<div style=\"clear: both; display: block; margin: 10px 0;\">\n<div style=\"clear: both; width: 100%; display: block; margin: 20px 0; padding: 0; float: none; position: static; text-align: center;\"><img decoding=\"async\"  src=\"https:\/\/a.allegroimg.com\/original\/1189c1\/3aad8359472d8da98f669225ba97\/TRAMPOLINA-OGRODOWA-DLA-DZIECI-DRABINKA-374cm-12ft-Rozmiar-ft-12-365-374-cm\" srcset=\"https:\/\/a.allegroimg.com\/original\/1189c1\/3aad8359472d8da98f669225ba97\/TRAMPOLINA-OGRODOWA-DLA-DZIECI-DRABINKA-374cm-12ft-Rozmiar-ft-12-365-374-cm 360w,https:\/\/a.allegroimg.com\/original\/1189c1\/3aad8359472d8da98f669225ba97\/TRAMPOLINA-OGRODOWA-DLA-DZIECI-DRABINKA-374cm-12ft-Rozmiar-ft-12-365-374-cm 720w,https:\/\/a.allegroimg.com\/original\/1189c1\/3aad8359472d8da98f669225ba97\/TRAMPOLINA-OGRODOWA-DLA-DZIECI-DRABINKA-374cm-12ft-Rozmiar-ft-12-365-374-cm 1024w,https:\/\/a.allegroimg.com\/original\/1189c1\/3aad8359472d8da98f669225ba97\/TRAMPOLINA-OGRODOWA-DLA-DZIECI-DRABINKA-374cm-12ft-Rozmiar-ft-12-365-374-cm 1440w,https:\/\/a.allegroimg.com\/original\/1189c1\/3aad8359472d8da98f669225ba97\/TRAMPOLINA-OGRODOWA-DLA-DZIECI-DRABINKA-374cm-12ft-Rozmiar-ft-12-365-374-cm 2250w\" sizes=\"100vw\" width=\"2250px\" alt=\"TRAMPOLINA OGRODOWA DLA DZIECI DRABINKA 374cm 12ft Rozmiar (ft) 12 (365-374 cm)\" style=\"max-width: 100%; height: auto; display: block; margin: 0 auto;\"><\/div>\n<\/div>\n<\/div>\n<\/div>\n<\/div>\n<\/div>\n<div style=\"clear: both; display: block; margin: 10px 0;\">\n<div style=\"clear: both; display: block; margin: 10px 0;\">\n<div style=\"clear: both; display: block; margin: 10px 0;\">\n<div  style=\"max-width:2500px;max-height:1932px\">\n<div style=\"clear: both; display: block; margin: 10px 0;\">\n<div style=\"clear: both; width: 100%; display: block; margin: 20px 0; padding: 0; float: none; position: static; text-align: center;\"><img decoding=\"async\"  src=\"https:\/\/a.allegroimg.com\/original\/115320\/2215e4b242b38f1651f87bb6bdd8\/TRAMPOLINA-OGRODOWA-DLA-DZIECI-DRABINKA-374cm-12ft-Marka-Neo-sport\" srcset=\"https:\/\/a.allegroimg.com\/original\/115320\/2215e4b242b38f1651f87bb6bdd8\/TRAMPOLINA-OGRODOWA-DLA-DZIECI-DRABINKA-374cm-12ft-Marka-Neo-sport 360w,https:\/\/a.allegroimg.com\/original\/115320\/2215e4b242b38f1651f87bb6bdd8\/TRAMPOLINA-OGRODOWA-DLA-DZIECI-DRABINKA-374cm-12ft-Marka-Neo-sport 720w,https:\/\/a.allegroimg.com\/original\/115320\/2215e4b242b38f1651f87bb6bdd8\/TRAMPOLINA-OGRODOWA-DLA-DZIECI-DRABINKA-374cm-12ft-Marka-Neo-sport 1024w,https:\/\/a.allegroimg.com\/original\/115320\/2215e4b242b38f1651f87bb6bdd8\/TRAMPOLINA-OGRODOWA-DLA-DZIECI-DRABINKA-374cm-12ft-Marka-Neo-sport 1440w,https:\/\/a.allegroimg.com\/original\/115320\/2215e4b242b38f1651f87bb6bdd8\/TRAMPOLINA-OGRODOWA-DLA-DZIECI-DRABINKA-374cm-12ft-Marka-Neo-sport 2500w\" sizes=\"100vw\" width=\"2500px\" alt=\"TRAMPOLINA OGRODOWA DLA DZIECI DRABINKA 374cm 12ft Marka Neo-sport\" style=\"max-width: 100%; height: auto; display: block; margin: 0 auto;\"><\/div>\n<\/div>\n<\/div>\n<\/div>\n<\/div>\n<\/div>\n<\/div>\n<\/div>\n<\/div>\n<div style=\"clear: both; display: block; margin: 10px 0;\">\n","protected":false},"excerpt":{"rendered":"<p>Trampolina ogrodowa 374 cm (12ft)<\/p>\n<p>W sk\u0142ad zestawu wchodzi:<\/p>\n<p>trampolina 374 cm (12ft) na 4 podw\u00f3jnych nogach,<\/p>\n<p>metalowa drabinka,<\/p>\n<p>siatka wewn\u0119trzna (zabezpieczaj\u0105ca)<\/p>\n<p>G\u0142\u00f3wne cechy:<\/p>\n<p>Okr\u0105g ze stela\u017ca,&nbsp;kt\u00f3ry zapewnia bardzo dobre napi\u0119cie siatki bezpiecze\u0144stwa<\/p>\n<p>Siatka zabezpieczaj\u0105ca&nbsp;wewn\u0119trzna, zapewnia komfort oraz bezpiecze\u0144stwo, zw\u0142aszcza najm\u0142odszym skoczkom<\/p>\n","protected":false},"featured_media":16026,"template":"","meta":{"_uag_custom_page_level_css":""},"product_brand":[915],"product_cat":[541,864,863,862],"product_tag":[],"class_list":{"0":"post-16025","1":"product","2":"type-product","3":"status-publish","4":"has-post-thumbnail","6":"product_brand-neo-sport","7":"product_cat-ogrod","8":"product_cat-trampoliny","9":"product_cat-trampoliny-i-akcesoria","10":"product_cat-zabawki-ogrodowe","12":"first","13":"instock","14":"sale","15":"shipping-taxable","16":"purchasable","17":"product-type-simple"},"uagb_featured_image_src":{"full":["https:\/\/florvoro.shop\/grill\/wp-content\/uploads\/2026\/04\/allegro-image-16025.jpg",2500,2500,false],"thumbnail":["https:\/\/florvoro.shop\/grill\/wp-content\/uploads\/2026\/04\/allegro-image-16025-150x150.jpg",150,150,true],"medium":["https:\/\/florvoro.shop\/grill\/wp-content\/uploads\/2026\/04\/allegro-image-16025-300x300.jpg",300,300,true],"medium_large":["https:\/\/florvoro.shop\/grill\/wp-content\/uploads\/2026\/04\/allegro-image-16025-768x768.jpg",768,768,true],"large":["https:\/\/florvoro.shop\/grill\/wp-content\/uploads\/2026\/04\/allegro-image-16025-1024x1024.jpg",1024,1024,true],"1536x1536":["https:\/\/florvoro.shop\/grill\/wp-content\/uploads\/2026\/04\/allegro-image-16025-1536x1536.jpg",1536,1536,true],"2048x2048":["https:\/\/florvoro.shop\/grill\/wp-content\/uploads\/2026\/04\/allegro-image-16025-2048x2048.jpg",2048,2048,true],"woocommerce_thumbnail":["https:\/\/florvoro.shop\/grill\/wp-content\/uploads\/2026\/04\/allegro-image-16025-300x300.jpg",300,300,true],"woocommerce_single":["https:\/\/florvoro.shop\/grill\/wp-content\/uploads\/2026\/04\/allegro-image-16025-600x600.jpg",600,600,true],"woocommerce_gallery_thumbnail":["https:\/\/florvoro.shop\/grill\/wp-content\/uploads\/2026\/04\/allegro-image-16025-100x100.jpg",100,100,true]},"uagb_author_info":{"display_name":"admin","author_link":"https:\/\/florvoro.shop\/grill\/author\/"},"uagb_comment_info":0,"uagb_excerpt":"Trampolina ogrodowa 374 cm (12ft) W sk\u0142ad zestawu wchodzi: trampolina 374 cm (12ft) na 4 podw\u00f3jnych nogach, metalowa drabinka, siatka wewn\u0119trzna (zabezpieczaj\u0105ca) G\u0142\u00f3wne cechy: Okr\u0105g ze stela\u017ca,&nbsp;kt\u00f3ry zapewnia bardzo dobre napi\u0119cie siatki bezpiecze\u0144stwa Siatka zabezpieczaj\u0105ca&nbsp;wewn\u0119trzna, zapewnia komfort oraz bezpiecze\u0144stwo, zw\u0142aszcza najm\u0142odszym skoczkom","_links":{"self":[{"href":"https:\/\/florvoro.shop\/grill\/wp-json\/wp\/v2\/product\/16025","targetHints":{"allow":["GET"]}}],"collection":[{"href":"https:\/\/florvoro.shop\/grill\/wp-json\/wp\/v2\/product"}],"about":[{"href":"https:\/\/florvoro.shop\/grill\/wp-json\/wp\/v2\/types\/product"}],"wp:featuredmedia":[{"embeddable":true,"href":"https:\/\/florvoro.shop\/grill\/wp-json\/wp\/v2\/media\/16026"}],"wp:attachment":[{"href":"https:\/\/florvoro.shop\/grill\/wp-json\/wp\/v2\/media?parent=16025"}],"wp:term":[{"taxonomy":"product_brand","embeddable":true,"href":"https:\/\/florvoro.shop\/grill\/wp-json\/wp\/v2\/product_brand?post=16025"},{"taxonomy":"product_cat","embeddable":true,"href":"https:\/\/florvoro.shop\/grill\/wp-json\/wp\/v2\/product_cat?post=16025"},{"taxonomy":"product_tag","embeddable":true,"href":"https:\/\/florvoro.shop\/grill\/wp-json\/wp\/v2\/product_tag?post=16025"}],"curies":[{"name":"wp","href":"https:\/\/api.w.org\/{rel}","templated":true}]}}