{"id":15971,"date":"2026-04-06T05:53:12","date_gmt":"2026-04-06T04:53:12","guid":{"rendered":"https:\/\/grillcentrum.shop\/gree\/produkt\/trampolina-ogrodowa-dla-dzieci-312cm-10ft-drabinka-neosport\/"},"modified":"2026-04-11T02:22:32","modified_gmt":"2026-04-11T01:22:32","slug":"trampolina-ogrodowa-dla-dzieci-312cm-10ft-drabinka-neosport","status":"publish","type":"product","link":"https:\/\/florvoro.shop\/grill\/produkt\/trampolina-ogrodowa-dla-dzieci-312cm-10ft-drabinka-neosport\/","title":{"rendered":"TRAMPOLINA OGRODOWA DLA DZIECI 312cm 10ft + DRABINKA NEOSPORT"},"content":{"rendered":"<div style=\"font-family: Arial, sans-serif; line-height: 1.6; color: #333; padding: 20px; clear: both; display: block; width: 100%; float: none; position: static; overflow: hidden;\">\n<div style=\"clear: both; display: block; margin: 10px 0;\">\n<div style=\"clear: both; display: block; margin: 10px 0;\">\n<div style=\"clear: both; display: block; margin: 10px 0;\">\n<h1>Trampolina ogrodowa 312 cm z siatk\u0105&nbsp;Neo-Sport<\/h1>\n<p style=\"margin: 15px 0; line-height: 1.8; clear: both; display: block; width: 100%; float: none; position: static;\">Trampolina + siatka zabezpieczaj\u0105ca wewn\u0119trzna + metalowa drabinka<\/p>\n<\/div>\n<\/div>\n<\/div>\n<div style=\"clear: both; display: block; margin: 10px 0;\">\n<div style=\"clear: both; display: block; margin: 10px 0;\">\n<div style=\"clear: both; display: block; margin: 10px 0;\">\n<div  style=\"max-width:2500px;max-height:510px\">\n<div style=\"clear: both; display: block; margin: 10px 0;\">\n<div style=\"clear: both; width: 100%; display: block; margin: 20px 0; padding: 0; float: none; position: static; text-align: center;\"><img decoding=\"async\"  src=\"https:\/\/a.allegroimg.com\/original\/11e5a8\/8db4da56492984edbb407c8dbfd6\/TRAMPOLINA-OGRODOWA-DLA-DZIECI-312cm-10ft-DRABINKA-NEOSPORT-Liczba-nozek-3\" srcset=\"https:\/\/a.allegroimg.com\/original\/11e5a8\/8db4da56492984edbb407c8dbfd6\/TRAMPOLINA-OGRODOWA-DLA-DZIECI-312cm-10ft-DRABINKA-NEOSPORT-Liczba-nozek-3 360w,https:\/\/a.allegroimg.com\/original\/11e5a8\/8db4da56492984edbb407c8dbfd6\/TRAMPOLINA-OGRODOWA-DLA-DZIECI-312cm-10ft-DRABINKA-NEOSPORT-Liczba-nozek-3 720w,https:\/\/a.allegroimg.com\/original\/11e5a8\/8db4da56492984edbb407c8dbfd6\/TRAMPOLINA-OGRODOWA-DLA-DZIECI-312cm-10ft-DRABINKA-NEOSPORT-Liczba-nozek-3 1024w,https:\/\/a.allegroimg.com\/original\/11e5a8\/8db4da56492984edbb407c8dbfd6\/TRAMPOLINA-OGRODOWA-DLA-DZIECI-312cm-10ft-DRABINKA-NEOSPORT-Liczba-nozek-3 1440w,https:\/\/a.allegroimg.com\/original\/11e5a8\/8db4da56492984edbb407c8dbfd6\/TRAMPOLINA-OGRODOWA-DLA-DZIECI-312cm-10ft-DRABINKA-NEOSPORT-Liczba-nozek-3 2500w\" sizes=\"100vw\" width=\"2500px\" alt=\"TRAMPOLINA OGRODOWA DLA DZIECI 312cm 10ft + DRABINKA NEOSPORT Liczba n\u00f3\u017cek 3\" style=\"max-width: 100%; height: auto; display: block; margin: 0 auto;\"><\/div>\n<\/div>\n<\/div>\n<\/div>\n<\/div>\n<\/div>\n<div style=\"clear: both; display: block; margin: 10px 0;\">\n<div style=\"clear: both; display: block; margin: 10px 0;\">\n<div style=\"clear: both; display: block; margin: 10px 0;\">\n<h1>\u2b50\u2b50\u2b50\u2b50\u2b50 Wytrzyma\u0142a trampolina ogrodowa&nbsp;312 cm (10 ft)<\/h1>\n<h2>W sk\u0142ad zestawu wchodzi:<\/h2>\n<ul style=\"margin: 15px 0; padding-left: 20px; clear: both; display: block; width: 100%; float: none; position: static;\">\n<li style=\"margin: 5px 0; padding: 2px 0; clear: both; display: list-item; float: none; position: static;\">trampolina 312 cm (10 ft) na&nbsp;<b>3 podw\u00f3jnych nogach<\/b><\/li>\n<li style=\"margin: 5px 0; padding: 2px 0; clear: both; display: list-item; float: none; position: static;\">solidna metalowa drabinka w zestawie<\/li>\n<li style=\"margin: 5px 0; padding: 2px 0; clear: both; display: list-item; float: none; position: static;\">siatka wewn\u0119trzna (zabezpieczaj\u0105ca) zamykana na zamek b\u0142yskawiczny<\/li>\n<\/ul>\n<h3 style=\"color: #2c5aa0; font-size: 18px; margin: 30px 0 15px 0; font-weight: bold; clear: both; display: block; width: 100%; float: none; position: static;\">\u2705 Odporna na warunki atmosferyczne.<\/h3>\n<h3 style=\"color: #2c5aa0; font-size: 18px; margin: 30px 0 15px 0; font-weight: bold; clear: both; display: block; width: 100%; float: none; position: static;\">\u2705 Materia\u0142y odporne na UV<\/h3>\n<h3 style=\"color: #2c5aa0; font-size: 18px; margin: 30px 0 15px 0; font-weight: bold; clear: both; display: block; width: 100%; float: none; position: static;\">\u2705 Stela\u017c ze stali nierdzewnej<\/h3>\n<\/div>\n<\/div>\n<\/div>\n<div style=\"clear: both; display: block; margin: 10px 0;\">\n<div style=\"clear: both; display: block; margin: 10px 0;\">\n<div style=\"clear: both; display: block; margin: 10px 0;\">\n<div  style=\"max-width:2500px;max-height:1750px\">\n<div style=\"clear: both; display: block; margin: 10px 0;\">\n<div style=\"clear: both; width: 100%; display: block; margin: 20px 0; padding: 0; float: none; position: static; text-align: center;\"><img decoding=\"async\"  src=\"https:\/\/a.allegroimg.com\/original\/11625f\/04f2bdcd4eb0bb1265d452e212ff\/TRAMPOLINA-OGRODOWA-DLA-DZIECI-312cm-10ft-DRABINKA-NEOSPORT-Wysokosc-calkowita-245-cm\" srcset=\"https:\/\/a.allegroimg.com\/original\/11625f\/04f2bdcd4eb0bb1265d452e212ff\/TRAMPOLINA-OGRODOWA-DLA-DZIECI-312cm-10ft-DRABINKA-NEOSPORT-Wysokosc-calkowita-245-cm 360w,https:\/\/a.allegroimg.com\/original\/11625f\/04f2bdcd4eb0bb1265d452e212ff\/TRAMPOLINA-OGRODOWA-DLA-DZIECI-312cm-10ft-DRABINKA-NEOSPORT-Wysokosc-calkowita-245-cm 720w,https:\/\/a.allegroimg.com\/original\/11625f\/04f2bdcd4eb0bb1265d452e212ff\/TRAMPOLINA-OGRODOWA-DLA-DZIECI-312cm-10ft-DRABINKA-NEOSPORT-Wysokosc-calkowita-245-cm 1024w,https:\/\/a.allegroimg.com\/original\/11625f\/04f2bdcd4eb0bb1265d452e212ff\/TRAMPOLINA-OGRODOWA-DLA-DZIECI-312cm-10ft-DRABINKA-NEOSPORT-Wysokosc-calkowita-245-cm 1440w,https:\/\/a.allegroimg.com\/original\/11625f\/04f2bdcd4eb0bb1265d452e212ff\/TRAMPOLINA-OGRODOWA-DLA-DZIECI-312cm-10ft-DRABINKA-NEOSPORT-Wysokosc-calkowita-245-cm 2500w\" sizes=\"100vw\" width=\"2500px\" alt=\"TRAMPOLINA OGRODOWA DLA DZIECI 312cm 10ft + DRABINKA NEOSPORT Wysoko\u015b\u0107 ca\u0142kowita 245 cm\" style=\"max-width: 100%; height: auto; display: block; margin: 0 auto;\"><\/div>\n<\/div>\n<\/div>\n<\/div>\n<\/div>\n<\/div>\n<div style=\"clear: both; display: block; margin: 10px 0;\">\n<div style=\"clear: both; display: block; margin: 10px 0;\">\n<div style=\"clear: both; display: block; margin: 10px 0;\">\n<h2>\u2b50 Jako\u015b\u0107 premium. Idealny wyb\u00f3r dla os\u00f3b, kt\u00f3re szukaj\u0105 trampoliny z naprawd\u0119 mocnym fundamentem!<\/h2>\n<p style=\"margin: 15px 0; line-height: 1.8; clear: both; display: block; width: 100%; float: none; position: static;\">Stela\u017c trampoliny NEO SPORT zosta\u0142 wykonany z wysokiej jako\u015bci stalowych rurek nierdzewnych, odpornych na korozj\u0119, promieniowanie UV i intensywne u\u017cytkowanie.<\/p>\n<p style=\"margin: 15px 0; line-height: 1.8; clear: both; display: block; width: 100%; float: none; position: static;\">Dla zwi\u0119kszenia bezpiecze\u0144stwa zastosowano grub\u0105, amortyzuj\u0105c\u0105 owijk\u0119 piankow\u0105, kt\u00f3ra chroni przed uderzeniami i dodaje komfortu podczas zabawy.<\/p>\n<p style=\"margin: 15px 0; line-height: 1.8; clear: both; display: block; width: 100%; float: none; position: static;\">\u2705 <b>\u015arednica 312cm<\/b> \u2013 stabilna konstrukcja nawet przy wi\u0119kszym obci\u0105\u017ceniu<\/p>\n<p style=\"margin: 15px 0; line-height: 1.8; clear: both; display: block; width: 100%; float: none; position: static;\">\u2705 <b>Wysoko\u015b\u0107 65 cm<\/b> \u2013 optymalne uniesienie trampoliny dla komfortu i bezpiecze\u0144stwa<\/p>\n<p style=\"margin: 15px 0; line-height: 1.8; clear: both; display: block; width: 100%; float: none; position: static;\">\u2705 <b>Precyzyjne \u0142\u0105czenia i wzmocnienia<\/b> \u2013 trwa\u0142o\u015b\u0107, kt\u00f3rej mo\u017cesz zaufa\u0107 przez wiele sezon\u00f3w<\/p>\n<h3 style=\"color: #2c5aa0; font-size: 18px; margin: 30px 0 15px 0; font-weight: bold; clear: both; display: block; width: 100%; float: none; position: static;\">Stela\u017c, kt\u00f3ry nie zawiedzie \u2013 bez wzgl\u0119du na pogod\u0119 i intensywno\u015b\u0107 zabawy.<\/h3>\n<\/div>\n<\/div>\n<\/div>\n<div style=\"clear: both; display: block; margin: 10px 0;\">\n<div style=\"clear: both; display: block; margin: 10px 0;\">\n<div style=\"clear: both; display: block; margin: 10px 0;\">\n<div  style=\"max-width:2500px;max-height:2500px\">\n<div style=\"clear: both; display: block; margin: 10px 0;\">\n<div style=\"clear: both; width: 100%; display: block; margin: 20px 0; padding: 0; float: none; position: static; text-align: center;\"><img decoding=\"async\"  src=\"https:\/\/a.allegroimg.com\/original\/113e6d\/830269ab4d24ba3456078878655c\/TRAMPOLINA-OGRODOWA-DLA-DZIECI-312cm-10ft-DRABINKA-NEOSPORT-Rodzaj-z-siatka\" srcset=\"https:\/\/a.allegroimg.com\/original\/113e6d\/830269ab4d24ba3456078878655c\/TRAMPOLINA-OGRODOWA-DLA-DZIECI-312cm-10ft-DRABINKA-NEOSPORT-Rodzaj-z-siatka 360w,https:\/\/a.allegroimg.com\/original\/113e6d\/830269ab4d24ba3456078878655c\/TRAMPOLINA-OGRODOWA-DLA-DZIECI-312cm-10ft-DRABINKA-NEOSPORT-Rodzaj-z-siatka 720w,https:\/\/a.allegroimg.com\/original\/113e6d\/830269ab4d24ba3456078878655c\/TRAMPOLINA-OGRODOWA-DLA-DZIECI-312cm-10ft-DRABINKA-NEOSPORT-Rodzaj-z-siatka 1024w,https:\/\/a.allegroimg.com\/original\/113e6d\/830269ab4d24ba3456078878655c\/TRAMPOLINA-OGRODOWA-DLA-DZIECI-312cm-10ft-DRABINKA-NEOSPORT-Rodzaj-z-siatka 1440w,https:\/\/a.allegroimg.com\/original\/113e6d\/830269ab4d24ba3456078878655c\/TRAMPOLINA-OGRODOWA-DLA-DZIECI-312cm-10ft-DRABINKA-NEOSPORT-Rodzaj-z-siatka 2500w\" sizes=\"100vw\" width=\"2500px\" alt=\"TRAMPOLINA OGRODOWA DLA DZIECI 312cm 10ft + DRABINKA NEOSPORT Rodzaj z siatk\u0105\" style=\"max-width: 100%; height: auto; display: block; margin: 0 auto;\"><\/div>\n<\/div>\n<\/div>\n<\/div>\n<\/div>\n<\/div>\n<div style=\"clear: both; display: block; margin: 10px 0;\">\n<div style=\"clear: both; display: block; margin: 10px 0;\">\n<div style=\"clear: both; display: block; margin: 10px 0;\">\n<h2>\u2b50\u2b50\u2b50\u2b50\u2b50 Moc, trwa\u0142o\u015b\u0107, komfort!<\/h2>\n<ul style=\"margin: 15px 0; padding-left: 20px; clear: both; display: block; width: 100%; float: none; position: static;\">\n<li style=\"margin: 5px 0; padding: 2px 0; clear: both; display: list-item; float: none; position: static;\"><b>Gruby batut <\/b>\u2013 Maksymalna ochrona i bezpiecze\u0144stwo.<\/li>\n<li style=\"margin: 5px 0; padding: 2px 0; clear: both; display: list-item; float: none; position: static;\"><b>Szybkoschn\u0105ca powierzchnia<\/b> \u2013 Wykonana z nowoczesnych materia\u0142\u00f3w powierzchnia nie zatrzymuje wilgoci, dzi\u0119ki czemu trampolina jest gotowa do u\u017cytku w kr\u00f3tkim czasie po deszczu.<\/li>\n<li style=\"margin: 5px 0; padding: 2px 0; clear: both; display: list-item; float: none; position: static;\"><b>Mocne spr\u0119\u017cyny<\/b> \u2013 Dynamiczne odbicie i d\u0142ugowieczno\u015b\u0107.<\/li>\n<li style=\"margin: 5px 0; padding: 2px 0; clear: both; display: list-item; float: none; position: static;\"><b>Mata zabezpieczaj\u0105ca<\/b> wykonana z wytrzyma\u0142ych i odpornych materia\u0142\u00f3w:<\/li>\n<\/ul>\n<ol>\n<li style=\"margin: 5px 0; padding: 2px 0; clear: both; display: list-item; float: none; position: static;\">310g\/m2 <b>PVC<\/b><\/li>\n<li style=\"margin: 5px 0; padding: 2px 0; clear: both; display: list-item; float: none; position: static;\">10mm pianki <b>EPE<\/b><\/li>\n<li style=\"margin: 5px 0; padding: 2px 0; clear: both; display: list-item; float: none; position: static;\">130g\/m2 <b>PE<\/b><\/li>\n<\/ol>\n<\/div>\n<\/div>\n<\/div>\n<div style=\"clear: both; display: block; margin: 10px 0;\">\n<div style=\"clear: both; display: block; margin: 10px 0;\">\n<div style=\"clear: both; display: block; margin: 10px 0;\">\n<div  style=\"max-width:2500px;max-height:1631px\">\n<div style=\"clear: both; display: block; margin: 10px 0;\">\n<div style=\"clear: both; width: 100%; display: block; margin: 20px 0; padding: 0; float: none; position: static; text-align: center;\"><img decoding=\"async\"  src=\"https:\/\/a.allegroimg.com\/original\/11cae4\/723cfb91496784199581e819e620\/TRAMPOLINA-OGRODOWA-DLA-DZIECI-312cm-10ft-DRABINKA-NEOSPORT-Rozmiar-ft-10-304-312-cm\" srcset=\"https:\/\/a.allegroimg.com\/original\/11cae4\/723cfb91496784199581e819e620\/TRAMPOLINA-OGRODOWA-DLA-DZIECI-312cm-10ft-DRABINKA-NEOSPORT-Rozmiar-ft-10-304-312-cm 360w,https:\/\/a.allegroimg.com\/original\/11cae4\/723cfb91496784199581e819e620\/TRAMPOLINA-OGRODOWA-DLA-DZIECI-312cm-10ft-DRABINKA-NEOSPORT-Rozmiar-ft-10-304-312-cm 720w,https:\/\/a.allegroimg.com\/original\/11cae4\/723cfb91496784199581e819e620\/TRAMPOLINA-OGRODOWA-DLA-DZIECI-312cm-10ft-DRABINKA-NEOSPORT-Rozmiar-ft-10-304-312-cm 1024w,https:\/\/a.allegroimg.com\/original\/11cae4\/723cfb91496784199581e819e620\/TRAMPOLINA-OGRODOWA-DLA-DZIECI-312cm-10ft-DRABINKA-NEOSPORT-Rozmiar-ft-10-304-312-cm 1440w,https:\/\/a.allegroimg.com\/original\/11cae4\/723cfb91496784199581e819e620\/TRAMPOLINA-OGRODOWA-DLA-DZIECI-312cm-10ft-DRABINKA-NEOSPORT-Rozmiar-ft-10-304-312-cm 2500w\" sizes=\"100vw\" width=\"2500px\" alt=\"TRAMPOLINA OGRODOWA DLA DZIECI 312cm 10ft + DRABINKA NEOSPORT Rozmiar (ft) 10 (304-312 cm)\" style=\"max-width: 100%; height: auto; display: block; margin: 0 auto;\"><\/div>\n<\/div>\n<\/div>\n<\/div>\n<\/div>\n<\/div>\n<div style=\"clear: both; display: block; margin: 10px 0;\">\n<div style=\"clear: both; display: block; margin: 10px 0;\">\n<div style=\"clear: both; display: block; margin: 10px 0;\">\n<h2>Mocniejsza i trwalsza siatka nowej generacji<\/h2>\n<p style=\"margin: 15px 0; line-height: 1.8; clear: both; display: block; width: 100%; float: none; position: static;\"><b><\/p>\n","protected":false},"excerpt":{"rendered":"<p>Trampolina ogrodowa 312 cm z siatk\u0105&nbsp;Neo-Sport<\/p>\n<p>Trampolina + siatka zabezpieczaj\u0105ca wewn\u0119trzna + metalowa drabinka<\/p>\n<p>\u2b50\u2b50\u2b50\u2b50\u2b50 Wytrzyma\u0142a trampolina ogrodowa&nbsp;312 cm (10 ft)<\/p>\n<p>W sk\u0142ad zestawu wchodzi:<\/p>\n<p>trampolina 312 cm (10 ft) na&nbsp;3 podw\u00f3jnych nogach<\/p>\n<p>solidna metalowa drabinka w zestawie<\/p>\n<p>siatka wewn\u0119trzna (zabezpieczaj\u0105ca) zamykana na zamek b\u0142yskawiczny<\/p>\n<p>\u2705 Odporna na warunki atmosferyczne.<\/p>\n","protected":false},"featured_media":15972,"template":"","meta":{"_uag_custom_page_level_css":""},"product_brand":[915],"product_cat":[541,864,863,862],"product_tag":[],"class_list":{"0":"post-15971","1":"product","2":"type-product","3":"status-publish","4":"has-post-thumbnail","6":"product_brand-neo-sport","7":"product_cat-ogrod","8":"product_cat-trampoliny","9":"product_cat-trampoliny-i-akcesoria","10":"product_cat-zabawki-ogrodowe","12":"first","13":"instock","14":"sale","15":"shipping-taxable","16":"purchasable","17":"product-type-simple"},"uagb_featured_image_src":{"full":["https:\/\/florvoro.shop\/grill\/wp-content\/uploads\/2026\/04\/allegro-image-15971.jpg",2500,2500,false],"thumbnail":["https:\/\/florvoro.shop\/grill\/wp-content\/uploads\/2026\/04\/allegro-image-15971-150x150.jpg",150,150,true],"medium":["https:\/\/florvoro.shop\/grill\/wp-content\/uploads\/2026\/04\/allegro-image-15971-300x300.jpg",300,300,true],"medium_large":["https:\/\/florvoro.shop\/grill\/wp-content\/uploads\/2026\/04\/allegro-image-15971-768x768.jpg",768,768,true],"large":["https:\/\/florvoro.shop\/grill\/wp-content\/uploads\/2026\/04\/allegro-image-15971-1024x1024.jpg",1024,1024,true],"1536x1536":["https:\/\/florvoro.shop\/grill\/wp-content\/uploads\/2026\/04\/allegro-image-15971-1536x1536.jpg",1536,1536,true],"2048x2048":["https:\/\/florvoro.shop\/grill\/wp-content\/uploads\/2026\/04\/allegro-image-15971-2048x2048.jpg",2048,2048,true],"woocommerce_thumbnail":["https:\/\/florvoro.shop\/grill\/wp-content\/uploads\/2026\/04\/allegro-image-15971-300x300.jpg",300,300,true],"woocommerce_single":["https:\/\/florvoro.shop\/grill\/wp-content\/uploads\/2026\/04\/allegro-image-15971-600x600.jpg",600,600,true],"woocommerce_gallery_thumbnail":["https:\/\/florvoro.shop\/grill\/wp-content\/uploads\/2026\/04\/allegro-image-15971-100x100.jpg",100,100,true]},"uagb_author_info":{"display_name":"admin","author_link":"https:\/\/florvoro.shop\/grill\/author\/"},"uagb_comment_info":0,"uagb_excerpt":"Trampolina ogrodowa 312 cm z siatk\u0105&nbsp;Neo-Sport Trampolina + siatka zabezpieczaj\u0105ca wewn\u0119trzna + metalowa drabinka \u2b50\u2b50\u2b50\u2b50\u2b50 Wytrzyma\u0142a trampolina ogrodowa&nbsp;312 cm (10 ft) W sk\u0142ad zestawu wchodzi: trampolina 312 cm (10 ft) na&nbsp;3 podw\u00f3jnych nogach solidna metalowa drabinka w zestawie siatka wewn\u0119trzna (zabezpieczaj\u0105ca) zamykana na zamek b\u0142yskawiczny \u2705 Odporna na warunki atmosferyczne.","_links":{"self":[{"href":"https:\/\/florvoro.shop\/grill\/wp-json\/wp\/v2\/product\/15971","targetHints":{"allow":["GET"]}}],"collection":[{"href":"https:\/\/florvoro.shop\/grill\/wp-json\/wp\/v2\/product"}],"about":[{"href":"https:\/\/florvoro.shop\/grill\/wp-json\/wp\/v2\/types\/product"}],"wp:featuredmedia":[{"embeddable":true,"href":"https:\/\/florvoro.shop\/grill\/wp-json\/wp\/v2\/media\/15972"}],"wp:attachment":[{"href":"https:\/\/florvoro.shop\/grill\/wp-json\/wp\/v2\/media?parent=15971"}],"wp:term":[{"taxonomy":"product_brand","embeddable":true,"href":"https:\/\/florvoro.shop\/grill\/wp-json\/wp\/v2\/product_brand?post=15971"},{"taxonomy":"product_cat","embeddable":true,"href":"https:\/\/florvoro.shop\/grill\/wp-json\/wp\/v2\/product_cat?post=15971"},{"taxonomy":"product_tag","embeddable":true,"href":"https:\/\/florvoro.shop\/grill\/wp-json\/wp\/v2\/product_tag?post=15971"}],"curies":[{"name":"wp","href":"https:\/\/api.w.org\/{rel}","templated":true}]}}